{"id":1016,"date":"2016-07-16T11:40:14","date_gmt":"2016-07-16T11:40:14","guid":{"rendered":"http:\/\/vn-themes.com\/arion\/shop\/men\/adipiscing-cursus-eu\/"},"modified":"2025-06-26T18:56:25","modified_gmt":"2025-06-26T16:56:25","slug":"sirop-energy","status":"publish","type":"product","link":"https:\/\/mojito-lemon.ro\/en\/product\/sirop-energy\/","title":{"rendered":"SIROP ENERGY (1 litru)"},"content":{"rendered":"","protected":false},"excerpt":{"rendered":"<h4><span style=\"font-family: comic sans ms, sans-serif;\"><b>B\u0103uturile energizante au un gust de tutti-frutti cu note de l\u0103m\u00e2ie.<\/b><\/span><\/h4>\n<p><span style=\"font-family: comic sans ms, sans-serif;\">Cocktailul energizant \u0219i siropul de limonad\u0103 Mojito Lemon este un concentrat care cre\u0219te metabolismul corpului uman. Ajut\u0103 la men\u021binerea treazului \u0219i la performan\u021b\u0103. Cocktailul energizant \u0219i siropul de limonad\u0103 Mojito Lemon are o culoare galben auriu, iar mirosul \u0219i gustul s\u0103u sunt similare cu b\u0103uturile energizante tipice. Este ideal pentru prepararea de limonade, cocktailuri, long drink-uri, smoothie-uri, shake-uri, \u00eenghe\u021bat\u0103 \u0219i crem\u0103 de vanilie. Aten\u021bie! Nu este recomandat copiilor!<\/span><\/p>\n<p>&nbsp;<\/p>\n","protected":false},"featured_media":2028,"template":"","meta":[],"product_brand":[],"product_cat":[48],"product_tag":[],"class_list":{"0":"post-1016","1":"product","2":"type-product","3":"status-publish","4":"has-post-thumbnail","6":"product_cat-siropuri-de-limonada-si-cocktailuri","8":"first","9":"instock","10":"downloadable","11":"shipping-taxable","12":"purchasable","13":"product-type-simple"},"yoast_head":"<!-- This site is optimized with the Yoast SEO plugin v27.4 - https:\/\/yoast.com\/product\/yoast-seo-wordpress\/ -->\n<title>SIROP DE MOJITO CU L\u0102M\u00c2IE PENTRU COCKTAIL ENERGIZANT \u0218I LIMONAD\u0102<\/title>\n<meta name=\"description\" content=\"SIROP DE MOJITO CU L\u0102M\u00c2IE PENTRU COCKTAIL ENERGIZANT \u0218I LIMONAD\u0102 direct de la distribuitoriul autorizat din Romania. mojito\" \/>\n<meta name=\"robots\" content=\"index, follow, max-snippet:-1, max-image-preview:large, max-video-preview:-1\" \/>\n<link rel=\"canonical\" href=\"https:\/\/mojito-lemon.ro\/en\/product\/sirop-energy\/\" \/>\n<meta property=\"og:locale\" content=\"en_US\" \/>\n<meta property=\"og:type\" content=\"article\" \/>\n<meta property=\"og:title\" content=\"SIROP DE MOJITO CU L\u0102M\u00c2IE PENTRU COCKTAIL ENERGIZANT \u0218I LIMONAD\u0102\" \/>\n<meta property=\"og:description\" content=\"SIROP DE MOJITO CU L\u0102M\u00c2IE PENTRU COCKTAIL ENERGIZANT \u0218I LIMONAD\u0102 direct de la distribuitoriul autorizat din Romania. mojito\" \/>\n<meta property=\"og:url\" content=\"https:\/\/mojito-lemon.ro\/en\/product\/sirop-energy\/\" \/>\n<meta property=\"og:site_name\" content=\"Mojito Lemon\" \/>\n<meta property=\"article:modified_time\" content=\"2025-06-26T16:56:25+00:00\" \/>\n<meta property=\"og:image\" content=\"https:\/\/mojito-lemon.ro\/wp-content\/uploads\/2016\/07\/SIROP-DE-MOJITO-CU-LAMAIE-PENTRU-COCKTAIL-ENERGIZANT-SI-LIMONADA-1-litru.jpg\" \/>\n\t<meta property=\"og:image:width\" content=\"500\" \/>\n\t<meta property=\"og:image:height\" content=\"500\" \/>\n\t<meta property=\"og:image:type\" content=\"image\/jpeg\" \/>\n<meta name=\"twitter:card\" content=\"summary_large_image\" \/>\n<meta name=\"twitter:label1\" content=\"Est. reading time\" \/>\n\t<meta name=\"twitter:data1\" content=\"1 minute\" \/>\n<script type=\"application\/ld+json\" class=\"yoast-schema-graph\">{\"@context\":\"https:\\\/\\\/schema.org\",\"@graph\":[{\"@type\":\"WebPage\",\"@id\":\"https:\\\/\\\/mojito-lemon.ro\\\/en\\\/product\\\/sirop-energy\\\/\",\"url\":\"https:\\\/\\\/mojito-lemon.ro\\\/en\\\/product\\\/sirop-energy\\\/\",\"name\":\"SIROP DE MOJITO CU L\u0102M\u00c2IE PENTRU COCKTAIL ENERGIZANT \u0218I LIMONAD\u0102\",\"isPartOf\":{\"@id\":\"https:\\\/\\\/mojito-lemon.ro\\\/en\\\/#website\"},\"primaryImageOfPage\":{\"@id\":\"https:\\\/\\\/mojito-lemon.ro\\\/en\\\/product\\\/sirop-energy\\\/#primaryimage\"},\"image\":{\"@id\":\"https:\\\/\\\/mojito-lemon.ro\\\/en\\\/product\\\/sirop-energy\\\/#primaryimage\"},\"thumbnailUrl\":\"https:\\\/\\\/mojito-lemon.ro\\\/wp-content\\\/uploads\\\/2016\\\/07\\\/SIROP-DE-MOJITO-CU-LAMAIE-PENTRU-COCKTAIL-ENERGIZANT-SI-LIMONADA-1-litru.jpg\",\"datePublished\":\"2016-07-16T11:40:14+00:00\",\"dateModified\":\"2025-06-26T16:56:25+00:00\",\"description\":\"SIROP DE MOJITO CU L\u0102M\u00c2IE PENTRU COCKTAIL ENERGIZANT \u0218I LIMONAD\u0102 direct de la distribuitoriul autorizat din Romania. mojito\",\"breadcrumb\":{\"@id\":\"https:\\\/\\\/mojito-lemon.ro\\\/en\\\/product\\\/sirop-energy\\\/#breadcrumb\"},\"inLanguage\":\"en-US\",\"potentialAction\":[{\"@type\":\"ReadAction\",\"target\":[\"https:\\\/\\\/mojito-lemon.ro\\\/en\\\/product\\\/sirop-energy\\\/\"]}]},{\"@type\":\"ImageObject\",\"inLanguage\":\"en-US\",\"@id\":\"https:\\\/\\\/mojito-lemon.ro\\\/en\\\/product\\\/sirop-energy\\\/#primaryimage\",\"url\":\"https:\\\/\\\/mojito-lemon.ro\\\/wp-content\\\/uploads\\\/2016\\\/07\\\/SIROP-DE-MOJITO-CU-LAMAIE-PENTRU-COCKTAIL-ENERGIZANT-SI-LIMONADA-1-litru.jpg\",\"contentUrl\":\"https:\\\/\\\/mojito-lemon.ro\\\/wp-content\\\/uploads\\\/2016\\\/07\\\/SIROP-DE-MOJITO-CU-LAMAIE-PENTRU-COCKTAIL-ENERGIZANT-SI-LIMONADA-1-litru.jpg\",\"width\":500,\"height\":500},{\"@type\":\"BreadcrumbList\",\"@id\":\"https:\\\/\\\/mojito-lemon.ro\\\/en\\\/product\\\/sirop-energy\\\/#breadcrumb\",\"itemListElement\":[{\"@type\":\"ListItem\",\"position\":1,\"name\":\"Prima pagin\u0103\",\"item\":\"https:\\\/\\\/mojito-lemon.ro\\\/en\\\/\"},{\"@type\":\"ListItem\",\"position\":2,\"name\":\"Shop\",\"item\":\"https:\\\/\\\/mojito-lemon.ro\\\/en\\\/shop\\\/\"},{\"@type\":\"ListItem\",\"position\":3,\"name\":\"SIROP ENERGY (1 litru)\"}]},{\"@type\":\"WebSite\",\"@id\":\"https:\\\/\\\/mojito-lemon.ro\\\/en\\\/#website\",\"url\":\"https:\\\/\\\/mojito-lemon.ro\\\/en\\\/\",\"name\":\"Mojito Lemon\",\"description\":\"\",\"potentialAction\":[{\"@type\":\"SearchAction\",\"target\":{\"@type\":\"EntryPoint\",\"urlTemplate\":\"https:\\\/\\\/mojito-lemon.ro\\\/en\\\/?s={search_term_string}\"},\"query-input\":{\"@type\":\"PropertyValueSpecification\",\"valueRequired\":true,\"valueName\":\"search_term_string\"}}],\"inLanguage\":\"en-US\"}]}<\/script>\n<!-- \/ Yoast SEO plugin. -->","yoast_head_json":{"title":"SIROP DE MOJITO CU L\u0102M\u00c2IE PENTRU COCKTAIL ENERGIZANT \u0218I LIMONAD\u0102","description":"SIROP DE MOJITO CU L\u0102M\u00c2IE PENTRU COCKTAIL ENERGIZANT \u0218I LIMONAD\u0102 direct de la distribuitoriul autorizat din Romania. mojito","robots":{"index":"index","follow":"follow","max-snippet":"max-snippet:-1","max-image-preview":"max-image-preview:large","max-video-preview":"max-video-preview:-1"},"canonical":"https:\/\/mojito-lemon.ro\/en\/product\/sirop-energy\/","og_locale":"en_US","og_type":"article","og_title":"SIROP DE MOJITO CU L\u0102M\u00c2IE PENTRU COCKTAIL ENERGIZANT \u0218I LIMONAD\u0102","og_description":"SIROP DE MOJITO CU L\u0102M\u00c2IE PENTRU COCKTAIL ENERGIZANT \u0218I LIMONAD\u0102 direct de la distribuitoriul autorizat din Romania. mojito","og_url":"https:\/\/mojito-lemon.ro\/en\/product\/sirop-energy\/","og_site_name":"Mojito Lemon","article_modified_time":"2025-06-26T16:56:25+00:00","og_image":[{"width":500,"height":500,"url":"https:\/\/mojito-lemon.ro\/wp-content\/uploads\/2016\/07\/SIROP-DE-MOJITO-CU-LAMAIE-PENTRU-COCKTAIL-ENERGIZANT-SI-LIMONADA-1-litru.jpg","type":"image\/jpeg"}],"twitter_card":"summary_large_image","twitter_misc":{"Est. reading time":"1 minute"},"schema":{"@context":"https:\/\/schema.org","@graph":[{"@type":"WebPage","@id":"https:\/\/mojito-lemon.ro\/en\/product\/sirop-energy\/","url":"https:\/\/mojito-lemon.ro\/en\/product\/sirop-energy\/","name":"SIROP DE MOJITO CU L\u0102M\u00c2IE PENTRU COCKTAIL ENERGIZANT \u0218I LIMONAD\u0102","isPartOf":{"@id":"https:\/\/mojito-lemon.ro\/en\/#website"},"primaryImageOfPage":{"@id":"https:\/\/mojito-lemon.ro\/en\/product\/sirop-energy\/#primaryimage"},"image":{"@id":"https:\/\/mojito-lemon.ro\/en\/product\/sirop-energy\/#primaryimage"},"thumbnailUrl":"https:\/\/mojito-lemon.ro\/wp-content\/uploads\/2016\/07\/SIROP-DE-MOJITO-CU-LAMAIE-PENTRU-COCKTAIL-ENERGIZANT-SI-LIMONADA-1-litru.jpg","datePublished":"2016-07-16T11:40:14+00:00","dateModified":"2025-06-26T16:56:25+00:00","description":"SIROP DE MOJITO CU L\u0102M\u00c2IE PENTRU COCKTAIL ENERGIZANT \u0218I LIMONAD\u0102 direct de la distribuitoriul autorizat din Romania. mojito","breadcrumb":{"@id":"https:\/\/mojito-lemon.ro\/en\/product\/sirop-energy\/#breadcrumb"},"inLanguage":"en-US","potentialAction":[{"@type":"ReadAction","target":["https:\/\/mojito-lemon.ro\/en\/product\/sirop-energy\/"]}]},{"@type":"ImageObject","inLanguage":"en-US","@id":"https:\/\/mojito-lemon.ro\/en\/product\/sirop-energy\/#primaryimage","url":"https:\/\/mojito-lemon.ro\/wp-content\/uploads\/2016\/07\/SIROP-DE-MOJITO-CU-LAMAIE-PENTRU-COCKTAIL-ENERGIZANT-SI-LIMONADA-1-litru.jpg","contentUrl":"https:\/\/mojito-lemon.ro\/wp-content\/uploads\/2016\/07\/SIROP-DE-MOJITO-CU-LAMAIE-PENTRU-COCKTAIL-ENERGIZANT-SI-LIMONADA-1-litru.jpg","width":500,"height":500},{"@type":"BreadcrumbList","@id":"https:\/\/mojito-lemon.ro\/en\/product\/sirop-energy\/#breadcrumb","itemListElement":[{"@type":"ListItem","position":1,"name":"Prima pagin\u0103","item":"https:\/\/mojito-lemon.ro\/en\/"},{"@type":"ListItem","position":2,"name":"Shop","item":"https:\/\/mojito-lemon.ro\/en\/shop\/"},{"@type":"ListItem","position":3,"name":"SIROP ENERGY (1 litru)"}]},{"@type":"WebSite","@id":"https:\/\/mojito-lemon.ro\/en\/#website","url":"https:\/\/mojito-lemon.ro\/en\/","name":"Mojito Lemon","description":"","potentialAction":[{"@type":"SearchAction","target":{"@type":"EntryPoint","urlTemplate":"https:\/\/mojito-lemon.ro\/en\/?s={search_term_string}"},"query-input":{"@type":"PropertyValueSpecification","valueRequired":true,"valueName":"search_term_string"}}],"inLanguage":"en-US"}]}},"_links":{"self":[{"href":"https:\/\/mojito-lemon.ro\/en\/wp-json\/wp\/v2\/product\/1016","targetHints":{"allow":["GET"]}}],"collection":[{"href":"https:\/\/mojito-lemon.ro\/en\/wp-json\/wp\/v2\/product"}],"about":[{"href":"https:\/\/mojito-lemon.ro\/en\/wp-json\/wp\/v2\/types\/product"}],"wp:featuredmedia":[{"embeddable":true,"href":"https:\/\/mojito-lemon.ro\/en\/wp-json\/wp\/v2\/media\/2028"}],"wp:attachment":[{"href":"https:\/\/mojito-lemon.ro\/en\/wp-json\/wp\/v2\/media?parent=1016"}],"wp:term":[{"taxonomy":"product_brand","embeddable":true,"href":"https:\/\/mojito-lemon.ro\/en\/wp-json\/wp\/v2\/product_brand?post=1016"},{"taxonomy":"product_cat","embeddable":true,"href":"https:\/\/mojito-lemon.ro\/en\/wp-json\/wp\/v2\/product_cat?post=1016"},{"taxonomy":"product_tag","embeddable":true,"href":"https:\/\/mojito-lemon.ro\/en\/wp-json\/wp\/v2\/product_tag?post=1016"}],"curies":[{"name":"wp","href":"https:\/\/api.w.org\/{rel}","templated":true}]}}