{"id":2059,"date":"2025-06-09T17:42:09","date_gmt":"2025-06-09T15:42:09","guid":{"rendered":"https:\/\/mojito-lemon.ro\/?post_type=product&#038;p=2059"},"modified":"2025-06-13T12:12:10","modified_gmt":"2025-06-13T10:12:10","slug":"sirop-de-soc-1-litru","status":"publish","type":"product","link":"https:\/\/mojito-lemon.ro\/en\/product\/sirop-de-soc-1-litru\/","title":{"rendered":"SIROP DE SOC (1 litru)"},"content":{"rendered":"","protected":false},"excerpt":{"rendered":"<h4><span style=\"font-family: comic sans ms, sans-serif;\">Cocktailul Mojito cu l\u0103m\u00e2ie \u0219i soc \u0219i siropul de limonad\u0103 sunt fabricate din ingrediente de \u00eenalt\u0103 calitate.<\/span><\/h4>\n<p><span style=\"font-family: comic sans ms, sans-serif;\">Gustul armonios de soc \u0219i l\u0103m\u00e2ie ofer\u0103 o experien\u021b\u0103 unic\u0103, plin\u0103 de via\u021b\u0103 \u0219i r\u0103coritoare. Siropul este u\u0219or de amestecat, astfel \u00eenc\u00e2t cocktailul sau limonada perfect\u0103 poate fi preparat\u0103 \u00een cel mai scurt timp. Pompa dozatoare Mojito Lemon v\u0103 permite s\u0103 doza\u021bi cu precizie siropul. 1cl\/presare. Siropul de cocktail \u0219i limonad\u0103 Mojito Lemon cu soc este alegerea perfect\u0103 pentru a v\u0103 r\u0103cori \u00een c\u0103ldura verii sau pentru a v\u0103 relaxa la festivaluri.<\/span><\/p>\n","protected":false},"featured_media":2062,"template":"","meta":[],"product_brand":[],"product_cat":[48],"product_tag":[],"class_list":{"0":"post-2059","1":"product","2":"type-product","3":"status-publish","4":"has-post-thumbnail","6":"product_cat-siropuri-de-limonada-si-cocktailuri","8":"first","9":"instock","10":"shipping-taxable","11":"purchasable","12":"product-type-simple"},"yoast_head":"<!-- This site is optimized with the Yoast SEO plugin v27.4 - https:\/\/yoast.com\/product\/yoast-seo-wordpress\/ -->\n<title>SIROP DE SOC (1 litru) - Mojito Lemon<\/title>\n<meta name=\"robots\" content=\"index, follow, max-snippet:-1, max-image-preview:large, max-video-preview:-1\" \/>\n<link rel=\"canonical\" href=\"https:\/\/mojito-lemon.ro\/en\/product\/sirop-de-soc-1-litru\/\" \/>\n<meta property=\"og:locale\" content=\"en_US\" \/>\n<meta property=\"og:type\" content=\"article\" \/>\n<meta property=\"og:title\" content=\"SIROP DE SOC (1 litru) - Mojito Lemon\" \/>\n<meta property=\"og:description\" content=\"Cocktailul Mojito cu l\u0103m\u00e2ie \u0219i soc \u0219i siropul de limonad\u0103 sunt fabricate din ingrediente de \u00eenalt\u0103 calitate. Gustul armonios de soc \u0219i l\u0103m\u00e2ie ofer\u0103 o experien\u021b\u0103 unic\u0103, plin\u0103 de via\u021b\u0103 \u0219i r\u0103coritoare. Siropul este u\u0219or de amestecat, astfel \u00eenc\u00e2t cocktailul sau limonada perfect\u0103 poate fi preparat\u0103 \u00een cel mai scurt timp. Pompa dozatoare Mojito Lemon v\u0103 permite s\u0103 doza\u021bi cu precizie siropul. 1cl\/presare. Siropul de cocktail \u0219i limonad\u0103 Mojito Lemon cu soc este alegerea perfect\u0103 pentru a v\u0103 r\u0103cori \u00een c\u0103ldura verii sau pentru a v\u0103 relaxa la festivaluri.\" \/>\n<meta property=\"og:url\" content=\"https:\/\/mojito-lemon.ro\/en\/product\/sirop-de-soc-1-litru\/\" \/>\n<meta property=\"og:site_name\" content=\"Mojito Lemon\" \/>\n<meta property=\"article:modified_time\" content=\"2025-06-13T10:12:10+00:00\" \/>\n<meta property=\"og:image\" content=\"https:\/\/mojito-lemon.ro\/wp-content\/uploads\/2025\/06\/SIROP-DE-COCKTAIL-CU-LAMAIE-MOJITO-PENTRU-PERSOANE-IN-VARSTA-SI-LIMONADA-1-litru.jpg\" \/>\n\t<meta property=\"og:image:width\" content=\"500\" \/>\n\t<meta property=\"og:image:height\" content=\"500\" \/>\n\t<meta property=\"og:image:type\" content=\"image\/jpeg\" \/>\n<meta name=\"twitter:card\" content=\"summary_large_image\" \/>\n<meta name=\"twitter:label1\" content=\"Est. reading time\" \/>\n\t<meta name=\"twitter:data1\" content=\"1 minute\" \/>\n<script type=\"application\/ld+json\" class=\"yoast-schema-graph\">{\"@context\":\"https:\\\/\\\/schema.org\",\"@graph\":[{\"@type\":\"WebPage\",\"@id\":\"https:\\\/\\\/mojito-lemon.ro\\\/en\\\/product\\\/sirop-de-soc-1-litru\\\/\",\"url\":\"https:\\\/\\\/mojito-lemon.ro\\\/en\\\/product\\\/sirop-de-soc-1-litru\\\/\",\"name\":\"SIROP DE SOC (1 litru) - Mojito Lemon\",\"isPartOf\":{\"@id\":\"https:\\\/\\\/mojito-lemon.ro\\\/en\\\/#website\"},\"primaryImageOfPage\":{\"@id\":\"https:\\\/\\\/mojito-lemon.ro\\\/en\\\/product\\\/sirop-de-soc-1-litru\\\/#primaryimage\"},\"image\":{\"@id\":\"https:\\\/\\\/mojito-lemon.ro\\\/en\\\/product\\\/sirop-de-soc-1-litru\\\/#primaryimage\"},\"thumbnailUrl\":\"https:\\\/\\\/mojito-lemon.ro\\\/wp-content\\\/uploads\\\/2025\\\/06\\\/SIROP-DE-COCKTAIL-CU-LAMAIE-MOJITO-PENTRU-PERSOANE-IN-VARSTA-SI-LIMONADA-1-litru.jpg\",\"datePublished\":\"2025-06-09T15:42:09+00:00\",\"dateModified\":\"2025-06-13T10:12:10+00:00\",\"breadcrumb\":{\"@id\":\"https:\\\/\\\/mojito-lemon.ro\\\/en\\\/product\\\/sirop-de-soc-1-litru\\\/#breadcrumb\"},\"inLanguage\":\"en-US\",\"potentialAction\":[{\"@type\":\"ReadAction\",\"target\":[\"https:\\\/\\\/mojito-lemon.ro\\\/en\\\/product\\\/sirop-de-soc-1-litru\\\/\"]}]},{\"@type\":\"ImageObject\",\"inLanguage\":\"en-US\",\"@id\":\"https:\\\/\\\/mojito-lemon.ro\\\/en\\\/product\\\/sirop-de-soc-1-litru\\\/#primaryimage\",\"url\":\"https:\\\/\\\/mojito-lemon.ro\\\/wp-content\\\/uploads\\\/2025\\\/06\\\/SIROP-DE-COCKTAIL-CU-LAMAIE-MOJITO-PENTRU-PERSOANE-IN-VARSTA-SI-LIMONADA-1-litru.jpg\",\"contentUrl\":\"https:\\\/\\\/mojito-lemon.ro\\\/wp-content\\\/uploads\\\/2025\\\/06\\\/SIROP-DE-COCKTAIL-CU-LAMAIE-MOJITO-PENTRU-PERSOANE-IN-VARSTA-SI-LIMONADA-1-litru.jpg\",\"width\":500,\"height\":500},{\"@type\":\"BreadcrumbList\",\"@id\":\"https:\\\/\\\/mojito-lemon.ro\\\/en\\\/product\\\/sirop-de-soc-1-litru\\\/#breadcrumb\",\"itemListElement\":[{\"@type\":\"ListItem\",\"position\":1,\"name\":\"Prima pagin\u0103\",\"item\":\"https:\\\/\\\/mojito-lemon.ro\\\/en\\\/\"},{\"@type\":\"ListItem\",\"position\":2,\"name\":\"Shop\",\"item\":\"https:\\\/\\\/mojito-lemon.ro\\\/en\\\/shop\\\/\"},{\"@type\":\"ListItem\",\"position\":3,\"name\":\"SIROP DE SOC (1 litru)\"}]},{\"@type\":\"WebSite\",\"@id\":\"https:\\\/\\\/mojito-lemon.ro\\\/en\\\/#website\",\"url\":\"https:\\\/\\\/mojito-lemon.ro\\\/en\\\/\",\"name\":\"Mojito Lemon\",\"description\":\"\",\"potentialAction\":[{\"@type\":\"SearchAction\",\"target\":{\"@type\":\"EntryPoint\",\"urlTemplate\":\"https:\\\/\\\/mojito-lemon.ro\\\/en\\\/?s={search_term_string}\"},\"query-input\":{\"@type\":\"PropertyValueSpecification\",\"valueRequired\":true,\"valueName\":\"search_term_string\"}}],\"inLanguage\":\"en-US\"}]}<\/script>\n<!-- \/ Yoast SEO plugin. -->","yoast_head_json":{"title":"SIROP DE SOC (1 litru) - Mojito Lemon","robots":{"index":"index","follow":"follow","max-snippet":"max-snippet:-1","max-image-preview":"max-image-preview:large","max-video-preview":"max-video-preview:-1"},"canonical":"https:\/\/mojito-lemon.ro\/en\/product\/sirop-de-soc-1-litru\/","og_locale":"en_US","og_type":"article","og_title":"SIROP DE SOC (1 litru) - Mojito Lemon","og_description":"Cocktailul Mojito cu l\u0103m\u00e2ie \u0219i soc \u0219i siropul de limonad\u0103 sunt fabricate din ingrediente de \u00eenalt\u0103 calitate. Gustul armonios de soc \u0219i l\u0103m\u00e2ie ofer\u0103 o experien\u021b\u0103 unic\u0103, plin\u0103 de via\u021b\u0103 \u0219i r\u0103coritoare. Siropul este u\u0219or de amestecat, astfel \u00eenc\u00e2t cocktailul sau limonada perfect\u0103 poate fi preparat\u0103 \u00een cel mai scurt timp. Pompa dozatoare Mojito Lemon v\u0103 permite s\u0103 doza\u021bi cu precizie siropul. 1cl\/presare. Siropul de cocktail \u0219i limonad\u0103 Mojito Lemon cu soc este alegerea perfect\u0103 pentru a v\u0103 r\u0103cori \u00een c\u0103ldura verii sau pentru a v\u0103 relaxa la festivaluri.","og_url":"https:\/\/mojito-lemon.ro\/en\/product\/sirop-de-soc-1-litru\/","og_site_name":"Mojito Lemon","article_modified_time":"2025-06-13T10:12:10+00:00","og_image":[{"width":500,"height":500,"url":"https:\/\/mojito-lemon.ro\/wp-content\/uploads\/2025\/06\/SIROP-DE-COCKTAIL-CU-LAMAIE-MOJITO-PENTRU-PERSOANE-IN-VARSTA-SI-LIMONADA-1-litru.jpg","type":"image\/jpeg"}],"twitter_card":"summary_large_image","twitter_misc":{"Est. reading time":"1 minute"},"schema":{"@context":"https:\/\/schema.org","@graph":[{"@type":"WebPage","@id":"https:\/\/mojito-lemon.ro\/en\/product\/sirop-de-soc-1-litru\/","url":"https:\/\/mojito-lemon.ro\/en\/product\/sirop-de-soc-1-litru\/","name":"SIROP DE SOC (1 litru) - Mojito Lemon","isPartOf":{"@id":"https:\/\/mojito-lemon.ro\/en\/#website"},"primaryImageOfPage":{"@id":"https:\/\/mojito-lemon.ro\/en\/product\/sirop-de-soc-1-litru\/#primaryimage"},"image":{"@id":"https:\/\/mojito-lemon.ro\/en\/product\/sirop-de-soc-1-litru\/#primaryimage"},"thumbnailUrl":"https:\/\/mojito-lemon.ro\/wp-content\/uploads\/2025\/06\/SIROP-DE-COCKTAIL-CU-LAMAIE-MOJITO-PENTRU-PERSOANE-IN-VARSTA-SI-LIMONADA-1-litru.jpg","datePublished":"2025-06-09T15:42:09+00:00","dateModified":"2025-06-13T10:12:10+00:00","breadcrumb":{"@id":"https:\/\/mojito-lemon.ro\/en\/product\/sirop-de-soc-1-litru\/#breadcrumb"},"inLanguage":"en-US","potentialAction":[{"@type":"ReadAction","target":["https:\/\/mojito-lemon.ro\/en\/product\/sirop-de-soc-1-litru\/"]}]},{"@type":"ImageObject","inLanguage":"en-US","@id":"https:\/\/mojito-lemon.ro\/en\/product\/sirop-de-soc-1-litru\/#primaryimage","url":"https:\/\/mojito-lemon.ro\/wp-content\/uploads\/2025\/06\/SIROP-DE-COCKTAIL-CU-LAMAIE-MOJITO-PENTRU-PERSOANE-IN-VARSTA-SI-LIMONADA-1-litru.jpg","contentUrl":"https:\/\/mojito-lemon.ro\/wp-content\/uploads\/2025\/06\/SIROP-DE-COCKTAIL-CU-LAMAIE-MOJITO-PENTRU-PERSOANE-IN-VARSTA-SI-LIMONADA-1-litru.jpg","width":500,"height":500},{"@type":"BreadcrumbList","@id":"https:\/\/mojito-lemon.ro\/en\/product\/sirop-de-soc-1-litru\/#breadcrumb","itemListElement":[{"@type":"ListItem","position":1,"name":"Prima pagin\u0103","item":"https:\/\/mojito-lemon.ro\/en\/"},{"@type":"ListItem","position":2,"name":"Shop","item":"https:\/\/mojito-lemon.ro\/en\/shop\/"},{"@type":"ListItem","position":3,"name":"SIROP DE SOC (1 litru)"}]},{"@type":"WebSite","@id":"https:\/\/mojito-lemon.ro\/en\/#website","url":"https:\/\/mojito-lemon.ro\/en\/","name":"Mojito Lemon","description":"","potentialAction":[{"@type":"SearchAction","target":{"@type":"EntryPoint","urlTemplate":"https:\/\/mojito-lemon.ro\/en\/?s={search_term_string}"},"query-input":{"@type":"PropertyValueSpecification","valueRequired":true,"valueName":"search_term_string"}}],"inLanguage":"en-US"}]}},"_links":{"self":[{"href":"https:\/\/mojito-lemon.ro\/en\/wp-json\/wp\/v2\/product\/2059","targetHints":{"allow":["GET"]}}],"collection":[{"href":"https:\/\/mojito-lemon.ro\/en\/wp-json\/wp\/v2\/product"}],"about":[{"href":"https:\/\/mojito-lemon.ro\/en\/wp-json\/wp\/v2\/types\/product"}],"wp:featuredmedia":[{"embeddable":true,"href":"https:\/\/mojito-lemon.ro\/en\/wp-json\/wp\/v2\/media\/2062"}],"wp:attachment":[{"href":"https:\/\/mojito-lemon.ro\/en\/wp-json\/wp\/v2\/media?parent=2059"}],"wp:term":[{"taxonomy":"product_brand","embeddable":true,"href":"https:\/\/mojito-lemon.ro\/en\/wp-json\/wp\/v2\/product_brand?post=2059"},{"taxonomy":"product_cat","embeddable":true,"href":"https:\/\/mojito-lemon.ro\/en\/wp-json\/wp\/v2\/product_cat?post=2059"},{"taxonomy":"product_tag","embeddable":true,"href":"https:\/\/mojito-lemon.ro\/en\/wp-json\/wp\/v2\/product_tag?post=2059"}],"curies":[{"name":"wp","href":"https:\/\/api.w.org\/{rel}","templated":true}]}}