{"id":2063,"date":"2025-06-09T17:43:39","date_gmt":"2025-06-09T15:43:39","guid":{"rendered":"https:\/\/mojito-lemon.ro\/?post_type=product&#038;p=2063"},"modified":"2025-06-26T18:56:27","modified_gmt":"2025-06-26T16:56:27","slug":"sirop-de-zahar","status":"publish","type":"product","link":"https:\/\/mojito-lemon.ro\/en\/product\/sirop-de-zahar\/","title":{"rendered":"SIROP DE ZAH\u0102R (1 litru)"},"content":{"rendered":"","protected":false},"excerpt":{"rendered":"<h4><span style=\"font-family: comic sans ms, sans-serif;\"><b>\u00ceNDULCI\u021aI ECONOMIC<\/b><\/span><\/h4>\n<p><span style=\"font-family: comic sans ms, sans-serif;\">Siropul de zah\u0103r Mojito Lemon este foarte concentrat (0,5l &#8211; b\u0103utur\u0103 cu ghea\u021b\u0103 \/ 4cl), de \u00eenalt\u0103 calitate, f\u0103r\u0103 gust de postgust \u0219i ofer\u0103 un gust dulce instantaneu.<\/span><\/p>\n<p><span style=\"font-family: comic sans ms, sans-serif;\">\u00cel recomand\u0103m pentru \u00eendulcirea limonadelor, cocktailurilor \u0219i a altor b\u0103uturi pe baz\u0103 de cafea. O solu\u021bie excelent\u0103 pentru pub-uri, baruri \u0219i cafenele unde dori\u021bi s\u0103 prepara\u021bi limonad\u0103 sau cocktailuri rapid \u0219i economic. \u00cel pute\u021bi solicita \u0219i \u00een ambalaje economice pentru suc.<\/span><\/p>\n","protected":false},"featured_media":2065,"template":"","meta":[],"product_brand":[],"product_cat":[48],"product_tag":[],"class_list":{"0":"post-2063","1":"product","2":"type-product","3":"status-publish","4":"has-post-thumbnail","6":"product_cat-siropuri-de-limonada-si-cocktailuri","8":"first","9":"instock","10":"shipping-taxable","11":"purchasable","12":"product-type-simple"},"yoast_head":"<!-- This site is optimized with the Yoast SEO plugin v27.4 - https:\/\/yoast.com\/product\/yoast-seo-wordpress\/ -->\n<title>SIROP DE ZAH\u0102R (1 litru) - Mojito Lemon<\/title>\n<meta name=\"robots\" content=\"index, follow, max-snippet:-1, max-image-preview:large, max-video-preview:-1\" \/>\n<link rel=\"canonical\" href=\"https:\/\/mojito-lemon.ro\/en\/product\/sirop-de-zahar\/\" \/>\n<meta property=\"og:locale\" content=\"en_US\" \/>\n<meta property=\"og:type\" content=\"article\" \/>\n<meta property=\"og:title\" content=\"SIROP DE ZAH\u0102R (1 litru) - Mojito Lemon\" \/>\n<meta property=\"og:description\" content=\"\u00ceNDULCI\u021aI ECONOMIC Siropul de zah\u0103r Mojito Lemon este foarte concentrat (0,5l - b\u0103utur\u0103 cu ghea\u021b\u0103 \/ 4cl), de \u00eenalt\u0103 calitate, f\u0103r\u0103 gust de postgust \u0219i ofer\u0103 un gust dulce instantaneu.  \u00cel recomand\u0103m pentru \u00eendulcirea limonadelor, cocktailurilor \u0219i a altor b\u0103uturi pe baz\u0103 de cafea. O solu\u021bie excelent\u0103 pentru pub-uri, baruri \u0219i cafenele unde dori\u021bi s\u0103 prepara\u021bi limonad\u0103 sau cocktailuri rapid \u0219i economic. \u00cel pute\u021bi solicita \u0219i \u00een ambalaje economice pentru suc.\" \/>\n<meta property=\"og:url\" content=\"https:\/\/mojito-lemon.ro\/en\/product\/sirop-de-zahar\/\" \/>\n<meta property=\"og:site_name\" content=\"Mojito Lemon\" \/>\n<meta property=\"article:modified_time\" content=\"2025-06-26T16:56:27+00:00\" \/>\n<meta property=\"og:image\" content=\"https:\/\/mojito-lemon.ro\/wp-content\/uploads\/2025\/06\/SIROP-DE-ZAHAR-CU-LAMAIE-MOJITO-1-litru.jpg\" \/>\n\t<meta property=\"og:image:width\" content=\"500\" \/>\n\t<meta property=\"og:image:height\" content=\"500\" \/>\n\t<meta property=\"og:image:type\" content=\"image\/jpeg\" \/>\n<meta name=\"twitter:card\" content=\"summary_large_image\" \/>\n<meta name=\"twitter:label1\" content=\"Est. reading time\" \/>\n\t<meta name=\"twitter:data1\" content=\"1 minute\" \/>\n<script type=\"application\/ld+json\" class=\"yoast-schema-graph\">{\"@context\":\"https:\\\/\\\/schema.org\",\"@graph\":[{\"@type\":\"WebPage\",\"@id\":\"https:\\\/\\\/mojito-lemon.ro\\\/en\\\/product\\\/sirop-de-zahar\\\/\",\"url\":\"https:\\\/\\\/mojito-lemon.ro\\\/en\\\/product\\\/sirop-de-zahar\\\/\",\"name\":\"SIROP DE ZAH\u0102R (1 litru) - Mojito Lemon\",\"isPartOf\":{\"@id\":\"https:\\\/\\\/mojito-lemon.ro\\\/en\\\/#website\"},\"primaryImageOfPage\":{\"@id\":\"https:\\\/\\\/mojito-lemon.ro\\\/en\\\/product\\\/sirop-de-zahar\\\/#primaryimage\"},\"image\":{\"@id\":\"https:\\\/\\\/mojito-lemon.ro\\\/en\\\/product\\\/sirop-de-zahar\\\/#primaryimage\"},\"thumbnailUrl\":\"https:\\\/\\\/mojito-lemon.ro\\\/wp-content\\\/uploads\\\/2025\\\/06\\\/SIROP-DE-ZAHAR-CU-LAMAIE-MOJITO-1-litru.jpg\",\"datePublished\":\"2025-06-09T15:43:39+00:00\",\"dateModified\":\"2025-06-26T16:56:27+00:00\",\"breadcrumb\":{\"@id\":\"https:\\\/\\\/mojito-lemon.ro\\\/en\\\/product\\\/sirop-de-zahar\\\/#breadcrumb\"},\"inLanguage\":\"en-US\",\"potentialAction\":[{\"@type\":\"ReadAction\",\"target\":[\"https:\\\/\\\/mojito-lemon.ro\\\/en\\\/product\\\/sirop-de-zahar\\\/\"]}]},{\"@type\":\"ImageObject\",\"inLanguage\":\"en-US\",\"@id\":\"https:\\\/\\\/mojito-lemon.ro\\\/en\\\/product\\\/sirop-de-zahar\\\/#primaryimage\",\"url\":\"https:\\\/\\\/mojito-lemon.ro\\\/wp-content\\\/uploads\\\/2025\\\/06\\\/SIROP-DE-ZAHAR-CU-LAMAIE-MOJITO-1-litru.jpg\",\"contentUrl\":\"https:\\\/\\\/mojito-lemon.ro\\\/wp-content\\\/uploads\\\/2025\\\/06\\\/SIROP-DE-ZAHAR-CU-LAMAIE-MOJITO-1-litru.jpg\",\"width\":500,\"height\":500},{\"@type\":\"BreadcrumbList\",\"@id\":\"https:\\\/\\\/mojito-lemon.ro\\\/en\\\/product\\\/sirop-de-zahar\\\/#breadcrumb\",\"itemListElement\":[{\"@type\":\"ListItem\",\"position\":1,\"name\":\"Prima pagin\u0103\",\"item\":\"https:\\\/\\\/mojito-lemon.ro\\\/en\\\/\"},{\"@type\":\"ListItem\",\"position\":2,\"name\":\"Shop\",\"item\":\"https:\\\/\\\/mojito-lemon.ro\\\/en\\\/shop\\\/\"},{\"@type\":\"ListItem\",\"position\":3,\"name\":\"SIROP DE ZAH\u0102R (1 litru)\"}]},{\"@type\":\"WebSite\",\"@id\":\"https:\\\/\\\/mojito-lemon.ro\\\/en\\\/#website\",\"url\":\"https:\\\/\\\/mojito-lemon.ro\\\/en\\\/\",\"name\":\"Mojito Lemon\",\"description\":\"\",\"potentialAction\":[{\"@type\":\"SearchAction\",\"target\":{\"@type\":\"EntryPoint\",\"urlTemplate\":\"https:\\\/\\\/mojito-lemon.ro\\\/en\\\/?s={search_term_string}\"},\"query-input\":{\"@type\":\"PropertyValueSpecification\",\"valueRequired\":true,\"valueName\":\"search_term_string\"}}],\"inLanguage\":\"en-US\"}]}<\/script>\n<!-- \/ Yoast SEO plugin. -->","yoast_head_json":{"title":"SIROP DE ZAH\u0102R (1 litru) - Mojito Lemon","robots":{"index":"index","follow":"follow","max-snippet":"max-snippet:-1","max-image-preview":"max-image-preview:large","max-video-preview":"max-video-preview:-1"},"canonical":"https:\/\/mojito-lemon.ro\/en\/product\/sirop-de-zahar\/","og_locale":"en_US","og_type":"article","og_title":"SIROP DE ZAH\u0102R (1 litru) - Mojito Lemon","og_description":"\u00ceNDULCI\u021aI ECONOMIC Siropul de zah\u0103r Mojito Lemon este foarte concentrat (0,5l - b\u0103utur\u0103 cu ghea\u021b\u0103 \/ 4cl), de \u00eenalt\u0103 calitate, f\u0103r\u0103 gust de postgust \u0219i ofer\u0103 un gust dulce instantaneu.  \u00cel recomand\u0103m pentru \u00eendulcirea limonadelor, cocktailurilor \u0219i a altor b\u0103uturi pe baz\u0103 de cafea. O solu\u021bie excelent\u0103 pentru pub-uri, baruri \u0219i cafenele unde dori\u021bi s\u0103 prepara\u021bi limonad\u0103 sau cocktailuri rapid \u0219i economic. \u00cel pute\u021bi solicita \u0219i \u00een ambalaje economice pentru suc.","og_url":"https:\/\/mojito-lemon.ro\/en\/product\/sirop-de-zahar\/","og_site_name":"Mojito Lemon","article_modified_time":"2025-06-26T16:56:27+00:00","og_image":[{"width":500,"height":500,"url":"https:\/\/mojito-lemon.ro\/wp-content\/uploads\/2025\/06\/SIROP-DE-ZAHAR-CU-LAMAIE-MOJITO-1-litru.jpg","type":"image\/jpeg"}],"twitter_card":"summary_large_image","twitter_misc":{"Est. reading time":"1 minute"},"schema":{"@context":"https:\/\/schema.org","@graph":[{"@type":"WebPage","@id":"https:\/\/mojito-lemon.ro\/en\/product\/sirop-de-zahar\/","url":"https:\/\/mojito-lemon.ro\/en\/product\/sirop-de-zahar\/","name":"SIROP DE ZAH\u0102R (1 litru) - Mojito Lemon","isPartOf":{"@id":"https:\/\/mojito-lemon.ro\/en\/#website"},"primaryImageOfPage":{"@id":"https:\/\/mojito-lemon.ro\/en\/product\/sirop-de-zahar\/#primaryimage"},"image":{"@id":"https:\/\/mojito-lemon.ro\/en\/product\/sirop-de-zahar\/#primaryimage"},"thumbnailUrl":"https:\/\/mojito-lemon.ro\/wp-content\/uploads\/2025\/06\/SIROP-DE-ZAHAR-CU-LAMAIE-MOJITO-1-litru.jpg","datePublished":"2025-06-09T15:43:39+00:00","dateModified":"2025-06-26T16:56:27+00:00","breadcrumb":{"@id":"https:\/\/mojito-lemon.ro\/en\/product\/sirop-de-zahar\/#breadcrumb"},"inLanguage":"en-US","potentialAction":[{"@type":"ReadAction","target":["https:\/\/mojito-lemon.ro\/en\/product\/sirop-de-zahar\/"]}]},{"@type":"ImageObject","inLanguage":"en-US","@id":"https:\/\/mojito-lemon.ro\/en\/product\/sirop-de-zahar\/#primaryimage","url":"https:\/\/mojito-lemon.ro\/wp-content\/uploads\/2025\/06\/SIROP-DE-ZAHAR-CU-LAMAIE-MOJITO-1-litru.jpg","contentUrl":"https:\/\/mojito-lemon.ro\/wp-content\/uploads\/2025\/06\/SIROP-DE-ZAHAR-CU-LAMAIE-MOJITO-1-litru.jpg","width":500,"height":500},{"@type":"BreadcrumbList","@id":"https:\/\/mojito-lemon.ro\/en\/product\/sirop-de-zahar\/#breadcrumb","itemListElement":[{"@type":"ListItem","position":1,"name":"Prima pagin\u0103","item":"https:\/\/mojito-lemon.ro\/en\/"},{"@type":"ListItem","position":2,"name":"Shop","item":"https:\/\/mojito-lemon.ro\/en\/shop\/"},{"@type":"ListItem","position":3,"name":"SIROP DE ZAH\u0102R (1 litru)"}]},{"@type":"WebSite","@id":"https:\/\/mojito-lemon.ro\/en\/#website","url":"https:\/\/mojito-lemon.ro\/en\/","name":"Mojito Lemon","description":"","potentialAction":[{"@type":"SearchAction","target":{"@type":"EntryPoint","urlTemplate":"https:\/\/mojito-lemon.ro\/en\/?s={search_term_string}"},"query-input":{"@type":"PropertyValueSpecification","valueRequired":true,"valueName":"search_term_string"}}],"inLanguage":"en-US"}]}},"_links":{"self":[{"href":"https:\/\/mojito-lemon.ro\/en\/wp-json\/wp\/v2\/product\/2063","targetHints":{"allow":["GET"]}}],"collection":[{"href":"https:\/\/mojito-lemon.ro\/en\/wp-json\/wp\/v2\/product"}],"about":[{"href":"https:\/\/mojito-lemon.ro\/en\/wp-json\/wp\/v2\/types\/product"}],"wp:featuredmedia":[{"embeddable":true,"href":"https:\/\/mojito-lemon.ro\/en\/wp-json\/wp\/v2\/media\/2065"}],"wp:attachment":[{"href":"https:\/\/mojito-lemon.ro\/en\/wp-json\/wp\/v2\/media?parent=2063"}],"wp:term":[{"taxonomy":"product_brand","embeddable":true,"href":"https:\/\/mojito-lemon.ro\/en\/wp-json\/wp\/v2\/product_brand?post=2063"},{"taxonomy":"product_cat","embeddable":true,"href":"https:\/\/mojito-lemon.ro\/en\/wp-json\/wp\/v2\/product_cat?post=2063"},{"taxonomy":"product_tag","embeddable":true,"href":"https:\/\/mojito-lemon.ro\/en\/wp-json\/wp\/v2\/product_tag?post=2063"}],"curies":[{"name":"wp","href":"https:\/\/api.w.org\/{rel}","templated":true}]}}