{"id":2091,"date":"2025-06-09T18:11:04","date_gmt":"2025-06-09T16:11:04","guid":{"rendered":"https:\/\/mojito-lemon.ro\/?post_type=product&#038;p=2091"},"modified":"2025-06-26T16:41:32","modified_gmt":"2025-06-26T14:41:32","slug":"sirop-de-bubble-gum","status":"publish","type":"product","link":"https:\/\/mojito-lemon.ro\/en\/product\/sirop-de-bubble-gum\/","title":{"rendered":"SIROP DE BUBBLE GUM (1 litru)"},"content":{"rendered":"","protected":false},"excerpt":{"rendered":"<h4><span style=\"font-family: comic sans ms, sans-serif;\"><b>Aroma preferat\u0103 a tinerilor &#8211; plin\u0103 de distrac\u021bie.<\/b><\/span><\/h4>\n<p><span style=\"font-family: comic sans ms, sans-serif;\">Cu gustul s\u0103u unic, singura limit\u0103 a b\u0103uturilor tale este imagina\u021bia ta. Cu cocktailul de mestecat Mojito Lemon \u0219i siropul de limonad\u0103, cu culoarea sa roz \u0219i gustul dulce, po\u021bi prepara o limonad\u0103 popular\u0103 printre copii. Ideal\u0103 pentru prepararea de long drink-uri, cocktailuri, smoothie-uri, shake-uri, slush-uri \u0219i \u00eenghe\u021bat\u0103.<\/span><\/p>\n","protected":false},"featured_media":2092,"template":"","meta":[],"product_brand":[],"product_cat":[48],"product_tag":[],"class_list":{"0":"post-2091","1":"product","2":"type-product","3":"status-publish","4":"has-post-thumbnail","6":"product_cat-siropuri-de-limonada-si-cocktailuri","8":"first","9":"instock","10":"shipping-taxable","11":"purchasable","12":"product-type-simple"},"yoast_head":"<!-- This site is optimized with the Yoast SEO plugin v27.4 - https:\/\/yoast.com\/product\/yoast-seo-wordpress\/ -->\n<title>SIROP DE BUBBLE GUM (1 litru) - Mojito Lemon<\/title>\n<meta name=\"robots\" content=\"index, follow, max-snippet:-1, max-image-preview:large, max-video-preview:-1\" \/>\n<link rel=\"canonical\" href=\"https:\/\/mojito-lemon.ro\/en\/product\/sirop-de-bubble-gum\/\" \/>\n<meta property=\"og:locale\" content=\"en_US\" \/>\n<meta property=\"og:type\" content=\"article\" \/>\n<meta property=\"og:title\" content=\"SIROP DE BUBBLE GUM (1 litru) - Mojito Lemon\" \/>\n<meta property=\"og:description\" content=\"Aroma preferat\u0103 a tinerilor - plin\u0103 de distrac\u021bie. Cu gustul s\u0103u unic, singura limit\u0103 a b\u0103uturilor tale este imagina\u021bia ta. Cu cocktailul de mestecat Mojito Lemon \u0219i siropul de limonad\u0103, cu culoarea sa roz \u0219i gustul dulce, po\u021bi prepara o limonad\u0103 popular\u0103 printre copii. Ideal\u0103 pentru prepararea de long drink-uri, cocktailuri, smoothie-uri, shake-uri, slush-uri \u0219i \u00eenghe\u021bat\u0103.\" \/>\n<meta property=\"og:url\" content=\"https:\/\/mojito-lemon.ro\/en\/product\/sirop-de-bubble-gum\/\" \/>\n<meta property=\"og:site_name\" content=\"Mojito Lemon\" \/>\n<meta property=\"article:modified_time\" content=\"2025-06-26T14:41:32+00:00\" \/>\n<meta property=\"og:image\" content=\"https:\/\/mojito-lemon.ro\/wp-content\/uploads\/2025\/06\/SIROP-DE-COCKTAIL-MOJITO-CU-LAMAIE-SI-LIMONADA-1-litru.jpg\" \/>\n\t<meta property=\"og:image:width\" content=\"500\" \/>\n\t<meta property=\"og:image:height\" content=\"500\" \/>\n\t<meta property=\"og:image:type\" content=\"image\/jpeg\" \/>\n<meta name=\"twitter:card\" content=\"summary_large_image\" \/>\n<meta name=\"twitter:label1\" content=\"Est. reading time\" \/>\n\t<meta name=\"twitter:data1\" content=\"1 minute\" \/>\n<script type=\"application\/ld+json\" class=\"yoast-schema-graph\">{\"@context\":\"https:\\\/\\\/schema.org\",\"@graph\":[{\"@type\":\"WebPage\",\"@id\":\"https:\\\/\\\/mojito-lemon.ro\\\/en\\\/product\\\/sirop-de-bubble-gum\\\/\",\"url\":\"https:\\\/\\\/mojito-lemon.ro\\\/en\\\/product\\\/sirop-de-bubble-gum\\\/\",\"name\":\"SIROP DE BUBBLE GUM (1 litru) - Mojito Lemon\",\"isPartOf\":{\"@id\":\"https:\\\/\\\/mojito-lemon.ro\\\/en\\\/#website\"},\"primaryImageOfPage\":{\"@id\":\"https:\\\/\\\/mojito-lemon.ro\\\/en\\\/product\\\/sirop-de-bubble-gum\\\/#primaryimage\"},\"image\":{\"@id\":\"https:\\\/\\\/mojito-lemon.ro\\\/en\\\/product\\\/sirop-de-bubble-gum\\\/#primaryimage\"},\"thumbnailUrl\":\"https:\\\/\\\/mojito-lemon.ro\\\/wp-content\\\/uploads\\\/2025\\\/06\\\/SIROP-DE-COCKTAIL-MOJITO-CU-LAMAIE-SI-LIMONADA-1-litru.jpg\",\"datePublished\":\"2025-06-09T16:11:04+00:00\",\"dateModified\":\"2025-06-26T14:41:32+00:00\",\"breadcrumb\":{\"@id\":\"https:\\\/\\\/mojito-lemon.ro\\\/en\\\/product\\\/sirop-de-bubble-gum\\\/#breadcrumb\"},\"inLanguage\":\"en-US\",\"potentialAction\":[{\"@type\":\"ReadAction\",\"target\":[\"https:\\\/\\\/mojito-lemon.ro\\\/en\\\/product\\\/sirop-de-bubble-gum\\\/\"]}]},{\"@type\":\"ImageObject\",\"inLanguage\":\"en-US\",\"@id\":\"https:\\\/\\\/mojito-lemon.ro\\\/en\\\/product\\\/sirop-de-bubble-gum\\\/#primaryimage\",\"url\":\"https:\\\/\\\/mojito-lemon.ro\\\/wp-content\\\/uploads\\\/2025\\\/06\\\/SIROP-DE-COCKTAIL-MOJITO-CU-LAMAIE-SI-LIMONADA-1-litru.jpg\",\"contentUrl\":\"https:\\\/\\\/mojito-lemon.ro\\\/wp-content\\\/uploads\\\/2025\\\/06\\\/SIROP-DE-COCKTAIL-MOJITO-CU-LAMAIE-SI-LIMONADA-1-litru.jpg\",\"width\":500,\"height\":500},{\"@type\":\"BreadcrumbList\",\"@id\":\"https:\\\/\\\/mojito-lemon.ro\\\/en\\\/product\\\/sirop-de-bubble-gum\\\/#breadcrumb\",\"itemListElement\":[{\"@type\":\"ListItem\",\"position\":1,\"name\":\"Prima pagin\u0103\",\"item\":\"https:\\\/\\\/mojito-lemon.ro\\\/en\\\/\"},{\"@type\":\"ListItem\",\"position\":2,\"name\":\"Shop\",\"item\":\"https:\\\/\\\/mojito-lemon.ro\\\/en\\\/shop\\\/\"},{\"@type\":\"ListItem\",\"position\":3,\"name\":\"SIROP DE BUBBLE GUM (1 litru)\"}]},{\"@type\":\"WebSite\",\"@id\":\"https:\\\/\\\/mojito-lemon.ro\\\/en\\\/#website\",\"url\":\"https:\\\/\\\/mojito-lemon.ro\\\/en\\\/\",\"name\":\"Mojito Lemon\",\"description\":\"\",\"potentialAction\":[{\"@type\":\"SearchAction\",\"target\":{\"@type\":\"EntryPoint\",\"urlTemplate\":\"https:\\\/\\\/mojito-lemon.ro\\\/en\\\/?s={search_term_string}\"},\"query-input\":{\"@type\":\"PropertyValueSpecification\",\"valueRequired\":true,\"valueName\":\"search_term_string\"}}],\"inLanguage\":\"en-US\"}]}<\/script>\n<!-- \/ Yoast SEO plugin. -->","yoast_head_json":{"title":"SIROP DE BUBBLE GUM (1 litru) - Mojito Lemon","robots":{"index":"index","follow":"follow","max-snippet":"max-snippet:-1","max-image-preview":"max-image-preview:large","max-video-preview":"max-video-preview:-1"},"canonical":"https:\/\/mojito-lemon.ro\/en\/product\/sirop-de-bubble-gum\/","og_locale":"en_US","og_type":"article","og_title":"SIROP DE BUBBLE GUM (1 litru) - Mojito Lemon","og_description":"Aroma preferat\u0103 a tinerilor - plin\u0103 de distrac\u021bie. Cu gustul s\u0103u unic, singura limit\u0103 a b\u0103uturilor tale este imagina\u021bia ta. Cu cocktailul de mestecat Mojito Lemon \u0219i siropul de limonad\u0103, cu culoarea sa roz \u0219i gustul dulce, po\u021bi prepara o limonad\u0103 popular\u0103 printre copii. Ideal\u0103 pentru prepararea de long drink-uri, cocktailuri, smoothie-uri, shake-uri, slush-uri \u0219i \u00eenghe\u021bat\u0103.","og_url":"https:\/\/mojito-lemon.ro\/en\/product\/sirop-de-bubble-gum\/","og_site_name":"Mojito Lemon","article_modified_time":"2025-06-26T14:41:32+00:00","og_image":[{"width":500,"height":500,"url":"https:\/\/mojito-lemon.ro\/wp-content\/uploads\/2025\/06\/SIROP-DE-COCKTAIL-MOJITO-CU-LAMAIE-SI-LIMONADA-1-litru.jpg","type":"image\/jpeg"}],"twitter_card":"summary_large_image","twitter_misc":{"Est. reading time":"1 minute"},"schema":{"@context":"https:\/\/schema.org","@graph":[{"@type":"WebPage","@id":"https:\/\/mojito-lemon.ro\/en\/product\/sirop-de-bubble-gum\/","url":"https:\/\/mojito-lemon.ro\/en\/product\/sirop-de-bubble-gum\/","name":"SIROP DE BUBBLE GUM (1 litru) - Mojito Lemon","isPartOf":{"@id":"https:\/\/mojito-lemon.ro\/en\/#website"},"primaryImageOfPage":{"@id":"https:\/\/mojito-lemon.ro\/en\/product\/sirop-de-bubble-gum\/#primaryimage"},"image":{"@id":"https:\/\/mojito-lemon.ro\/en\/product\/sirop-de-bubble-gum\/#primaryimage"},"thumbnailUrl":"https:\/\/mojito-lemon.ro\/wp-content\/uploads\/2025\/06\/SIROP-DE-COCKTAIL-MOJITO-CU-LAMAIE-SI-LIMONADA-1-litru.jpg","datePublished":"2025-06-09T16:11:04+00:00","dateModified":"2025-06-26T14:41:32+00:00","breadcrumb":{"@id":"https:\/\/mojito-lemon.ro\/en\/product\/sirop-de-bubble-gum\/#breadcrumb"},"inLanguage":"en-US","potentialAction":[{"@type":"ReadAction","target":["https:\/\/mojito-lemon.ro\/en\/product\/sirop-de-bubble-gum\/"]}]},{"@type":"ImageObject","inLanguage":"en-US","@id":"https:\/\/mojito-lemon.ro\/en\/product\/sirop-de-bubble-gum\/#primaryimage","url":"https:\/\/mojito-lemon.ro\/wp-content\/uploads\/2025\/06\/SIROP-DE-COCKTAIL-MOJITO-CU-LAMAIE-SI-LIMONADA-1-litru.jpg","contentUrl":"https:\/\/mojito-lemon.ro\/wp-content\/uploads\/2025\/06\/SIROP-DE-COCKTAIL-MOJITO-CU-LAMAIE-SI-LIMONADA-1-litru.jpg","width":500,"height":500},{"@type":"BreadcrumbList","@id":"https:\/\/mojito-lemon.ro\/en\/product\/sirop-de-bubble-gum\/#breadcrumb","itemListElement":[{"@type":"ListItem","position":1,"name":"Prima pagin\u0103","item":"https:\/\/mojito-lemon.ro\/en\/"},{"@type":"ListItem","position":2,"name":"Shop","item":"https:\/\/mojito-lemon.ro\/en\/shop\/"},{"@type":"ListItem","position":3,"name":"SIROP DE BUBBLE GUM (1 litru)"}]},{"@type":"WebSite","@id":"https:\/\/mojito-lemon.ro\/en\/#website","url":"https:\/\/mojito-lemon.ro\/en\/","name":"Mojito Lemon","description":"","potentialAction":[{"@type":"SearchAction","target":{"@type":"EntryPoint","urlTemplate":"https:\/\/mojito-lemon.ro\/en\/?s={search_term_string}"},"query-input":{"@type":"PropertyValueSpecification","valueRequired":true,"valueName":"search_term_string"}}],"inLanguage":"en-US"}]}},"_links":{"self":[{"href":"https:\/\/mojito-lemon.ro\/en\/wp-json\/wp\/v2\/product\/2091","targetHints":{"allow":["GET"]}}],"collection":[{"href":"https:\/\/mojito-lemon.ro\/en\/wp-json\/wp\/v2\/product"}],"about":[{"href":"https:\/\/mojito-lemon.ro\/en\/wp-json\/wp\/v2\/types\/product"}],"wp:featuredmedia":[{"embeddable":true,"href":"https:\/\/mojito-lemon.ro\/en\/wp-json\/wp\/v2\/media\/2092"}],"wp:attachment":[{"href":"https:\/\/mojito-lemon.ro\/en\/wp-json\/wp\/v2\/media?parent=2091"}],"wp:term":[{"taxonomy":"product_brand","embeddable":true,"href":"https:\/\/mojito-lemon.ro\/en\/wp-json\/wp\/v2\/product_brand?post=2091"},{"taxonomy":"product_cat","embeddable":true,"href":"https:\/\/mojito-lemon.ro\/en\/wp-json\/wp\/v2\/product_cat?post=2091"},{"taxonomy":"product_tag","embeddable":true,"href":"https:\/\/mojito-lemon.ro\/en\/wp-json\/wp\/v2\/product_tag?post=2091"}],"curies":[{"name":"wp","href":"https:\/\/api.w.org\/{rel}","templated":true}]}}