{"id":2404,"date":"2025-06-17T10:39:28","date_gmt":"2025-06-17T08:39:28","guid":{"rendered":"https:\/\/mojito-lemon.ro\/?post_type=product&#038;p=2404"},"modified":"2025-06-17T10:45:57","modified_gmt":"2025-06-17T08:45:57","slug":"sirop-de-rodie-1-litru","status":"publish","type":"product","link":"https:\/\/mojito-lemon.ro\/en\/product\/sirop-de-rodie-1-litru\/","title":{"rendered":"SIROP DE RODIE ( 1 litru )"},"content":{"rendered":"","protected":false},"excerpt":{"rendered":"<div>\n<h4><b><strong>Rodia con\u021bine, de asemenea, polifenoli, flavonoide \u0219i vitamina C.<\/strong><\/b><\/h4>\n<p>Sub coaja tare a rodiei se afl\u0103 semin\u021be ro\u0219ii minuscule, asem\u0103n\u0103toare unor pietre pre\u021bioase, a c\u0103ror culoare se reflect\u0103 \u00een culoarea rubinie a siropului. Datorit\u0103 gustului s\u0103u acru, este potrivit pentru aromarea limonadelor \u0219i a cocktailurilor mai dulci. Siropul de Mojito Lemon cu rodie \u0219i limonad\u0103 este ideal pentru prepararea de limonade, cocktailuri, long drink-uri, smoothie-uri, shake-uri, slush-uri \u0219i \u00eenghe\u021bat\u0103.<\/p>\n<\/div>\n","protected":false},"featured_media":2405,"template":"","meta":[],"product_brand":[],"product_cat":[48],"product_tag":[],"class_list":{"0":"post-2404","1":"product","2":"type-product","3":"status-publish","4":"has-post-thumbnail","6":"product_cat-siropuri-de-limonada-si-cocktailuri","8":"first","9":"instock","10":"shipping-taxable","11":"purchasable","12":"product-type-simple"},"yoast_head":"<!-- This site is optimized with the Yoast SEO plugin v27.4 - https:\/\/yoast.com\/product\/yoast-seo-wordpress\/ -->\n<title>SIROP DE RODIE ( 1 litru ) - Mojito Lemon<\/title>\n<meta name=\"robots\" content=\"index, follow, max-snippet:-1, max-image-preview:large, max-video-preview:-1\" \/>\n<link rel=\"canonical\" href=\"https:\/\/mojito-lemon.ro\/en\/product\/sirop-de-rodie-1-litru\/\" \/>\n<meta property=\"og:locale\" content=\"en_US\" \/>\n<meta property=\"og:type\" content=\"article\" \/>\n<meta property=\"og:title\" content=\"SIROP DE RODIE ( 1 litru ) - Mojito Lemon\" \/>\n<meta property=\"og:description\" content=\"Rodia con\u021bine, de asemenea, polifenoli, flavonoide \u0219i vitamina C. Sub coaja tare a rodiei se afl\u0103 semin\u021be ro\u0219ii minuscule, asem\u0103n\u0103toare unor pietre pre\u021bioase, a c\u0103ror culoare se reflect\u0103 \u00een culoarea rubinie a siropului. Datorit\u0103 gustului s\u0103u acru, este potrivit pentru aromarea limonadelor \u0219i a cocktailurilor mai dulci. Siropul de Mojito Lemon cu rodie \u0219i limonad\u0103 este ideal pentru prepararea de limonade, cocktailuri, long drink-uri, smoothie-uri, shake-uri, slush-uri \u0219i \u00eenghe\u021bat\u0103.\" \/>\n<meta property=\"og:url\" content=\"https:\/\/mojito-lemon.ro\/en\/product\/sirop-de-rodie-1-litru\/\" \/>\n<meta property=\"og:site_name\" content=\"Mojito Lemon\" \/>\n<meta property=\"article:modified_time\" content=\"2025-06-17T08:45:57+00:00\" \/>\n<meta property=\"og:image\" content=\"https:\/\/mojito-lemon.ro\/wp-content\/uploads\/2025\/06\/sirop-de-rodie.jpg\" \/>\n\t<meta property=\"og:image:width\" content=\"500\" \/>\n\t<meta property=\"og:image:height\" content=\"500\" \/>\n\t<meta property=\"og:image:type\" content=\"image\/jpeg\" \/>\n<meta name=\"twitter:card\" content=\"summary_large_image\" \/>\n<meta name=\"twitter:label1\" content=\"Est. reading time\" \/>\n\t<meta name=\"twitter:data1\" content=\"1 minute\" \/>\n<script type=\"application\/ld+json\" class=\"yoast-schema-graph\">{\"@context\":\"https:\\\/\\\/schema.org\",\"@graph\":[{\"@type\":\"WebPage\",\"@id\":\"https:\\\/\\\/mojito-lemon.ro\\\/en\\\/product\\\/sirop-de-rodie-1-litru\\\/\",\"url\":\"https:\\\/\\\/mojito-lemon.ro\\\/en\\\/product\\\/sirop-de-rodie-1-litru\\\/\",\"name\":\"SIROP DE RODIE ( 1 litru ) - Mojito Lemon\",\"isPartOf\":{\"@id\":\"https:\\\/\\\/mojito-lemon.ro\\\/en\\\/#website\"},\"primaryImageOfPage\":{\"@id\":\"https:\\\/\\\/mojito-lemon.ro\\\/en\\\/product\\\/sirop-de-rodie-1-litru\\\/#primaryimage\"},\"image\":{\"@id\":\"https:\\\/\\\/mojito-lemon.ro\\\/en\\\/product\\\/sirop-de-rodie-1-litru\\\/#primaryimage\"},\"thumbnailUrl\":\"https:\\\/\\\/mojito-lemon.ro\\\/wp-content\\\/uploads\\\/2025\\\/06\\\/sirop-de-rodie.jpg\",\"datePublished\":\"2025-06-17T08:39:28+00:00\",\"dateModified\":\"2025-06-17T08:45:57+00:00\",\"breadcrumb\":{\"@id\":\"https:\\\/\\\/mojito-lemon.ro\\\/en\\\/product\\\/sirop-de-rodie-1-litru\\\/#breadcrumb\"},\"inLanguage\":\"en-US\",\"potentialAction\":[{\"@type\":\"ReadAction\",\"target\":[\"https:\\\/\\\/mojito-lemon.ro\\\/en\\\/product\\\/sirop-de-rodie-1-litru\\\/\"]}]},{\"@type\":\"ImageObject\",\"inLanguage\":\"en-US\",\"@id\":\"https:\\\/\\\/mojito-lemon.ro\\\/en\\\/product\\\/sirop-de-rodie-1-litru\\\/#primaryimage\",\"url\":\"https:\\\/\\\/mojito-lemon.ro\\\/wp-content\\\/uploads\\\/2025\\\/06\\\/sirop-de-rodie.jpg\",\"contentUrl\":\"https:\\\/\\\/mojito-lemon.ro\\\/wp-content\\\/uploads\\\/2025\\\/06\\\/sirop-de-rodie.jpg\",\"width\":500,\"height\":500},{\"@type\":\"BreadcrumbList\",\"@id\":\"https:\\\/\\\/mojito-lemon.ro\\\/en\\\/product\\\/sirop-de-rodie-1-litru\\\/#breadcrumb\",\"itemListElement\":[{\"@type\":\"ListItem\",\"position\":1,\"name\":\"Prima pagin\u0103\",\"item\":\"https:\\\/\\\/mojito-lemon.ro\\\/en\\\/\"},{\"@type\":\"ListItem\",\"position\":2,\"name\":\"Shop\",\"item\":\"https:\\\/\\\/mojito-lemon.ro\\\/en\\\/shop\\\/\"},{\"@type\":\"ListItem\",\"position\":3,\"name\":\"SIROP DE RODIE ( 1 litru )\"}]},{\"@type\":\"WebSite\",\"@id\":\"https:\\\/\\\/mojito-lemon.ro\\\/en\\\/#website\",\"url\":\"https:\\\/\\\/mojito-lemon.ro\\\/en\\\/\",\"name\":\"Mojito Lemon\",\"description\":\"\",\"potentialAction\":[{\"@type\":\"SearchAction\",\"target\":{\"@type\":\"EntryPoint\",\"urlTemplate\":\"https:\\\/\\\/mojito-lemon.ro\\\/en\\\/?s={search_term_string}\"},\"query-input\":{\"@type\":\"PropertyValueSpecification\",\"valueRequired\":true,\"valueName\":\"search_term_string\"}}],\"inLanguage\":\"en-US\"}]}<\/script>\n<!-- \/ Yoast SEO plugin. -->","yoast_head_json":{"title":"SIROP DE RODIE ( 1 litru ) - Mojito Lemon","robots":{"index":"index","follow":"follow","max-snippet":"max-snippet:-1","max-image-preview":"max-image-preview:large","max-video-preview":"max-video-preview:-1"},"canonical":"https:\/\/mojito-lemon.ro\/en\/product\/sirop-de-rodie-1-litru\/","og_locale":"en_US","og_type":"article","og_title":"SIROP DE RODIE ( 1 litru ) - Mojito Lemon","og_description":"Rodia con\u021bine, de asemenea, polifenoli, flavonoide \u0219i vitamina C. Sub coaja tare a rodiei se afl\u0103 semin\u021be ro\u0219ii minuscule, asem\u0103n\u0103toare unor pietre pre\u021bioase, a c\u0103ror culoare se reflect\u0103 \u00een culoarea rubinie a siropului. Datorit\u0103 gustului s\u0103u acru, este potrivit pentru aromarea limonadelor \u0219i a cocktailurilor mai dulci. Siropul de Mojito Lemon cu rodie \u0219i limonad\u0103 este ideal pentru prepararea de limonade, cocktailuri, long drink-uri, smoothie-uri, shake-uri, slush-uri \u0219i \u00eenghe\u021bat\u0103.","og_url":"https:\/\/mojito-lemon.ro\/en\/product\/sirop-de-rodie-1-litru\/","og_site_name":"Mojito Lemon","article_modified_time":"2025-06-17T08:45:57+00:00","og_image":[{"width":500,"height":500,"url":"https:\/\/mojito-lemon.ro\/wp-content\/uploads\/2025\/06\/sirop-de-rodie.jpg","type":"image\/jpeg"}],"twitter_card":"summary_large_image","twitter_misc":{"Est. reading time":"1 minute"},"schema":{"@context":"https:\/\/schema.org","@graph":[{"@type":"WebPage","@id":"https:\/\/mojito-lemon.ro\/en\/product\/sirop-de-rodie-1-litru\/","url":"https:\/\/mojito-lemon.ro\/en\/product\/sirop-de-rodie-1-litru\/","name":"SIROP DE RODIE ( 1 litru ) - Mojito Lemon","isPartOf":{"@id":"https:\/\/mojito-lemon.ro\/en\/#website"},"primaryImageOfPage":{"@id":"https:\/\/mojito-lemon.ro\/en\/product\/sirop-de-rodie-1-litru\/#primaryimage"},"image":{"@id":"https:\/\/mojito-lemon.ro\/en\/product\/sirop-de-rodie-1-litru\/#primaryimage"},"thumbnailUrl":"https:\/\/mojito-lemon.ro\/wp-content\/uploads\/2025\/06\/sirop-de-rodie.jpg","datePublished":"2025-06-17T08:39:28+00:00","dateModified":"2025-06-17T08:45:57+00:00","breadcrumb":{"@id":"https:\/\/mojito-lemon.ro\/en\/product\/sirop-de-rodie-1-litru\/#breadcrumb"},"inLanguage":"en-US","potentialAction":[{"@type":"ReadAction","target":["https:\/\/mojito-lemon.ro\/en\/product\/sirop-de-rodie-1-litru\/"]}]},{"@type":"ImageObject","inLanguage":"en-US","@id":"https:\/\/mojito-lemon.ro\/en\/product\/sirop-de-rodie-1-litru\/#primaryimage","url":"https:\/\/mojito-lemon.ro\/wp-content\/uploads\/2025\/06\/sirop-de-rodie.jpg","contentUrl":"https:\/\/mojito-lemon.ro\/wp-content\/uploads\/2025\/06\/sirop-de-rodie.jpg","width":500,"height":500},{"@type":"BreadcrumbList","@id":"https:\/\/mojito-lemon.ro\/en\/product\/sirop-de-rodie-1-litru\/#breadcrumb","itemListElement":[{"@type":"ListItem","position":1,"name":"Prima pagin\u0103","item":"https:\/\/mojito-lemon.ro\/en\/"},{"@type":"ListItem","position":2,"name":"Shop","item":"https:\/\/mojito-lemon.ro\/en\/shop\/"},{"@type":"ListItem","position":3,"name":"SIROP DE RODIE ( 1 litru )"}]},{"@type":"WebSite","@id":"https:\/\/mojito-lemon.ro\/en\/#website","url":"https:\/\/mojito-lemon.ro\/en\/","name":"Mojito Lemon","description":"","potentialAction":[{"@type":"SearchAction","target":{"@type":"EntryPoint","urlTemplate":"https:\/\/mojito-lemon.ro\/en\/?s={search_term_string}"},"query-input":{"@type":"PropertyValueSpecification","valueRequired":true,"valueName":"search_term_string"}}],"inLanguage":"en-US"}]}},"_links":{"self":[{"href":"https:\/\/mojito-lemon.ro\/en\/wp-json\/wp\/v2\/product\/2404","targetHints":{"allow":["GET"]}}],"collection":[{"href":"https:\/\/mojito-lemon.ro\/en\/wp-json\/wp\/v2\/product"}],"about":[{"href":"https:\/\/mojito-lemon.ro\/en\/wp-json\/wp\/v2\/types\/product"}],"wp:featuredmedia":[{"embeddable":true,"href":"https:\/\/mojito-lemon.ro\/en\/wp-json\/wp\/v2\/media\/2405"}],"wp:attachment":[{"href":"https:\/\/mojito-lemon.ro\/en\/wp-json\/wp\/v2\/media?parent=2404"}],"wp:term":[{"taxonomy":"product_brand","embeddable":true,"href":"https:\/\/mojito-lemon.ro\/en\/wp-json\/wp\/v2\/product_brand?post=2404"},{"taxonomy":"product_cat","embeddable":true,"href":"https:\/\/mojito-lemon.ro\/en\/wp-json\/wp\/v2\/product_cat?post=2404"},{"taxonomy":"product_tag","embeddable":true,"href":"https:\/\/mojito-lemon.ro\/en\/wp-json\/wp\/v2\/product_tag?post=2404"}],"curies":[{"name":"wp","href":"https:\/\/api.w.org\/{rel}","templated":true}]}}